{"id":2250,"date":"2021-06-28T14:07:44","date_gmt":"2021-06-28T12:07:44","guid":{"rendered":"https:\/\/woodtechitalia.it\/?page_id=2250"},"modified":"2022-01-25T11:37:14","modified_gmt":"2022-01-25T10:37:14","slug":"privacy-policy","status":"publish","type":"page","link":"https:\/\/www.woodtechfrance.fr\/en\/privacy-policy\/","title":{"rendered":"Privacy policy"},"content":{"rendered":"<p>[vc_row][vc_column][vc_empty_space][vc_column_text]<\/p>\n<h1 class=\"text-center\">INFORMATIVA AI SENSI DEGLI ARTT. 13 \u2013 14 DEL GDPR 2016\/679 (GENERAL DATA PROTECTION REGULATION)<\/h1>\n<p>Secondo la normativa sopra indicata, il trattamento dei dati, sar\u00e0 improntato ai principi di correttezza, liceit\u00e0, trasparenza e di tutela della Sua riservatezza e dei Suoi diritti.<\/p>\n<p>La Woodtech Italia, con sede in Via Castello, 5 \u2013 23892 Bulciago (LC), C.F. e P. IVA 05391690962 \u2013 in qualit\u00e0 di Titolare del trattamento, informa ai sensi degli articoli 13 e 14 del GDPR 2016\/679, che i Suoi dati saranno trattati con le modalit\u00e0 e per le finalit\u00e0 seguenti:<\/p>\n<ol>\n<li><strong>Oggetto del trattamento<\/strong><br \/>\nIl Titolare, tratta i dati personali, identificativi e non sensibili (in particolare, nome, cognome, codice fiscale, P. IVA, email, numero telefonico \u2013 in seguito, \u201cdati personali\u201d o anche \u201cdati\u201d) a Lui<\/li>\n<li><strong>Finalit\u00e0 del trattamento<\/strong><br \/>\nI dati personali saranno trattati:<br \/>\n\u2013 per permettere l\u2019invio di newsletter e\/o mailing list, per comunicazioni, organizzazione di eventi e degli ulteriori Servizi eventualmente richiesti;<br \/>\n\u2013 per adempiere agli obblighi precontrattuali, contrattuali e fiscali (registro fiscale IVA etc.), derivanti da rapporti in essere;<br \/>\n\u2013 per adempiere agli obblighi previsti dalla legge, da un regolamento, dalla normativa comunitaria o da un ordine dell\u2019Autorit\u00e0;<br \/>\n\u2013 per esercitare i diritti del Titolare, ad esempio il diritto di difesa in giudizio.<\/li>\n<li><strong>Modalit\u00e0 del trattamento<\/strong><br \/>\nIl trattamento dei dati personali \u00e8 realizzato per mezzo delle operazioni indicate all\u2019art. 4 GDPR 2016\/679 e all\u2019art. 4 n. 2) GDPR e precisamente: raccolta, registrazione, organizzazione, conservazione, consultazione, elaborazione, modificazione, selezione, estrazione, raffronto, utilizzo, interconnessione, blocco, comunicazione, cancellazione e distruzione dei dati. Pertanto i dati personali sono sottoposti a trattamento sia cartaceo che elettronico e\/o automatizzato.<\/li>\n<li><strong>Accesso ai dati<\/strong><br \/>\nI dati potranno essere resi accessibili per le finalit\u00e0 di cui all\u2019art. 2.A) e 2.B):<br \/>\n\u2013 a dipendenti e collaboratori della societ\u00e0 Woodtech Italia, di cui il Titolare ne fa parte, nella loro qualit\u00e0 di incaricati e\/o responsabili interni del trattamento e\/o amministratori di sistema;<br \/>\n\u2013 alla societ\u00e0 Woodtech Italia di cui il Titolare ne fa parte, (ad esempio, per attivit\u00e0 di supporto nello studio della fattibilit\u00e0 del progetto del cliente, per attivit\u00e0 di gestione tecnica del progetto, per lo storage dei dati personali, etc.).<\/li>\n<li><strong>Comunicazione dei dati<\/strong><br \/>\nSenza espresso consenso (art. 6 lett. b) e c) GDPR), il Titolare potr\u00e0 comunque comunicare i dati per le finalit\u00e0 di cui all\u2019art. 2.A) a Organismi di vigilanza, Autorit\u00e0 giudiziarie nonch\u00e9 a tutti gli altri soggetti ai quali la comunicazione sia obbligatoria per legge per l\u2019espletamento delle finalit\u00e0 dette. I Tuoi dati non saranno diffusi.<\/li>\n<li><strong>Trasferimento dati<\/strong><br \/>\nLa gestione e la conservazione dei dati personali avverr\u00e0 su server ubicati all\u2019interno della sede del Titolare e\/o del Responsabile del trattamento.I dati non saranno oggetto di trasferimento al di fuori dell\u2019Unione Europea. Resta in ogni caso inteso che il Titolare, ove si rendesse necessario, avr\u00e0 facolt\u00e0 di spostare l\u2019ubicazione del server qualora ce ne fosse la necessit\u00e0. In tal caso, il Titolare assicura sin d\u2019ora che il trasferimento dei dati avverr\u00e0 in conformit\u00e0 alle disposizioni di legge.<\/li>\n<li><strong>Natura del conferimento dei dati e conseguenze del rifiuto di rispondere<\/strong><br \/>\nSi informa che, tenuto conto delle finalit\u00e0 del trattamento come sopra illustrate, il conferimento dei dati \u00e8 obbligatorio ed il loro mancato, parziale o inesatto conferimento potr\u00e0 avere, come conseguenza, l\u2019impossibilit\u00e0 di svolgere la registrazione, le iscrizioni ai vari corsi, le varie comunicazioni ed aggiornamenti, e di assolvere gli adempimenti contrattuali come previsti dal contratto stipulato.<\/li>\n<li><strong>Diritti dell\u2019interessato<\/strong><br \/>\nNella qualit\u00e0 di interessato, vengono riconosciuti i diritti di cui all\u2019art. 15 GDPR e precisamente i diritti di:<\/li>\n<\/ol>\n<ul>\n<li>ottenere la conferma dell\u2019esistenza o meno di dati personali, anche se non ancora registrati, e la loro comunicazione in forma intelligibile;<\/li>\n<li>ottenere le seguenti indicazioni:<br \/>\n\u2013 dell\u2019origine dei dati personali;<br \/>\n\u2013 delle finalit\u00e0 e modalit\u00e0 del trattamento;<br \/>\n\u2013 della logica applicata in caso di trattamento effettuato con l\u2019ausilio di strumenti elettronici;<br \/>\n\u2013 degli estremi identificativi del titolare, dei responsabili e del rappresentante designato ai sensi art. 3comma 1, GDPR 2016\/679;<br \/>\n\u2013 dei soggetti o delle categorie di soggetti ai quali i dati personali possono essere comunicati o che possono venirne a conoscenza in qualit\u00e0 di rappresentante designato nel territorio dello Stato, di responsabili o incaricati;<\/li>\n<li>ottenere:<br \/>\n\u2013 l\u2019aggiornamento, la rettificazione o, quando si ha la necessit\u00e0, l\u2019integrazione dei dati;<br \/>\n\u2013 la cancellazione, la trasformazione in forma anonima o il blocco dei dati trattati in violazione di legge, compresi quelli di cui non \u00e8 necessaria la conservazione in relazione agli scopi per i quali i dati sono stati raccolti o successivamente trattati;<br \/>\n\u2013 l\u2019attestazione che le operazioni di cui alle lettere a) e b) sono state portate a conoscenza, anche per quanto riguarda il loro contenuto, di coloro ai quali i dati sono stati comunicati o diffusi, eccettuato il caso in cui tale adempimento si rivela impossibile o comporta un impiego di mezzi manifestamente sproporzionato rispetto al diritto tutelato;<\/li>\n<li>opporsi, in tutto o in parte:<br \/>\n\u2013 per motivi legittimi al trattamento dei dati personali, qualora non fossero pertinenti allo scopo della raccolta;<br \/>\n\u2013 al trattamento di dati personali, ai fini di invio di materiale pubblicitario mediante l\u2019uso di sistemi automatizzati di chiamata senza l\u2019intervento di un operatore mediante email e\/o mediante modalit\u00e0 di marketing tradizionali mediante telefono e\/o posta cartacea. Si fa presente che il diritto di opposizione dell\u2019interessato, esposto al precedente punto b), per finalit\u00e0 di marketing diretto mediante modalit\u00e0 automatizzate si estende a quelle tradizionali e che comunque resta salva la possibilit\u00e0 per l\u2019interessato di esercitare il diritto di opposizione anche solo in parte. Pertanto, l\u2019interessato pu\u00f2 decidere di ricevere solo comunicazioni mediante modalit\u00e0 tradizionali ovvero solo comunicazioni automatizzate oppure nessuna delle due tipologie di comunicazione. Ove applicabili, si hanno i diritti di cui agli artt. 16-21 GDPR (Diritto di rettifica, diritto all\u2019oblio, diritto di limitazione di trattamento, diritto alla portabilit\u00e0 dei dati, diritto di opposizione), nonch\u00e9 il diritto di reclamo all\u2019Autorit\u00e0 Garante.<\/li>\n<li><strong>Modalit\u00e0 di esercizio dei diritti<\/strong><br \/>\nPotrai in qualsiasi momento esercitare i diritti inviando un documento tramite:<br \/>\n\u2013 una raccomandata A.R. a Woodtech Italia Via Castello, 5 \u2013 23892 Bulciago (LC);<br \/>\n\u2013 una e-mail PEC all\u2019indirizzo\u00a0<a href=\"mailto:woodtechitaliasrl@legalmail.it\">woodtechitaliasrl@legalmail.it<\/a><\/li>\n<li><strong>Durata del trattamento<\/strong><br \/>\nI dati personali vengono conservati per tutta la durata del rapporto con la Woodtech Italia, e, nel caso di revoca e\/o altro tipo di cessazione del rapporto.Il Titolare tratter\u00e0 i dati personali per il tempo necessario per adempiere alle finalit\u00e0 di cui sopra e comunque per non oltre 10 anni dalla cessazione del rapporto.<\/li>\n<li><strong>Titolari, responsabile e incaricati<\/strong><br \/>\nIl Titolare del trattamento \u00e8 Woodtech Italia.L\u2019elenco aggiornato dei responsabili e degli incaricati al trattamento \u00e8 custodito presso la sede del Titolare del trattamento.<\/li>\n<\/ul>\n<p>[\/vc_column_text][vc_empty_space][\/vc_column][\/vc_row][vc_row full_width=&#8221;stretch_row&#8221; bg_type=&#8221;bg_color&#8221; bg_color_value=&#8221;#ff0000&#8243;][vc_column][vc_empty_space height=&#8221;4px&#8221;][\/vc_column][\/vc_row]<\/p>\n","protected":false},"excerpt":{"rendered":"<p>[vc_row][vc_column][vc_empty_space][vc_column_text] INFORMATIVA AI SENSI DEGLI ARTT. 13 \u2013 14 DEL GDPR 2016\/679 (GENERAL DATA PROTECTION REGULATION) Secondo la normativa sopra indicata, il trattamento dei dati, sar\u00e0 improntato ai principi di correttezza, liceit\u00e0, trasparenza e di tutela della Sua riservatezza e dei Suoi diritti. La Woodtech Italia, con sede in Via Castello, 5 \u2013 23892 Bulciago [&hellip;]<\/p>\n","protected":false},"author":1,"featured_media":0,"parent":0,"menu_order":0,"comment_status":"closed","ping_status":"closed","template":"one-page-template.php","meta":{"footnotes":""},"_links":{"self":[{"href":"https:\/\/www.woodtechfrance.fr\/en\/wp-json\/wp\/v2\/pages\/2250"}],"collection":[{"href":"https:\/\/www.woodtechfrance.fr\/en\/wp-json\/wp\/v2\/pages"}],"about":[{"href":"https:\/\/www.woodtechfrance.fr\/en\/wp-json\/wp\/v2\/types\/page"}],"author":[{"embeddable":true,"href":"https:\/\/www.woodtechfrance.fr\/en\/wp-json\/wp\/v2\/users\/1"}],"replies":[{"embeddable":true,"href":"https:\/\/www.woodtechfrance.fr\/en\/wp-json\/wp\/v2\/comments?post=2250"}],"version-history":[{"count":6,"href":"https:\/\/www.woodtechfrance.fr\/en\/wp-json\/wp\/v2\/pages\/2250\/revisions"}],"predecessor-version":[{"id":3616,"href":"https:\/\/www.woodtechfrance.fr\/en\/wp-json\/wp\/v2\/pages\/2250\/revisions\/3616"}],"wp:attachment":[{"href":"https:\/\/www.woodtechfrance.fr\/en\/wp-json\/wp\/v2\/media?parent=2250"}],"curies":[{"name":"wp","href":"https:\/\/api.w.org\/{rel}","templated":true}]}}